{"id":10988,"date":"2018-09-11T15:11:52","date_gmt":"2018-09-11T13:11:52","guid":{"rendered":"https:\/\/fitcamp.sk\/how-to-reach-us\/"},"modified":"2024-07-15T10:36:27","modified_gmt":"2024-07-15T08:36:27","slug":"how-to-reach-us","status":"publish","type":"page","link":"https:\/\/fitcamp.sk\/en\/how-to-reach-us\/","title":{"rendered":"How to reach us"},"content":{"rendered":"\t\t<div data-elementor-type=\"wp-post\" data-elementor-id=\"10988\" class=\"elementor elementor-10988 elementor-584 elementor-bc-flex-widget\" data-elementor-post-type=\"page\">\n\t\t\t\t\t\t<section class=\"elementor-section elementor-top-section elementor-element elementor-element-c95309a elementor-section-boxed elementor-section-height-default elementor-section-height-default\" data-id=\"c95309a\" data-element_type=\"section\" data-settings=\"{&quot;jet_parallax_layout_list&quot;:[]}\">\n\t\t\t\t\t\t<div class=\"elementor-container elementor-column-gap-default\">\n\t\t\t\t\t<div class=\"elementor-column elementor-col-100 elementor-top-column elementor-element elementor-element-9dfabd4\" data-id=\"9dfabd4\" data-element_type=\"column\">\n\t\t\t<div class=\"elementor-widget-wrap\">\n\t\t\t\t\t\t\t<\/div>\n\t\t<\/div>\n\t\t\t\t\t<\/div>\n\t\t<\/section>\n\t\t\t\t<section class=\"elementor-section elementor-top-section elementor-element elementor-element-f67e8c0 elementor-section-boxed elementor-section-height-default elementor-section-height-default\" data-id=\"f67e8c0\" data-element_type=\"section\" data-settings=\"{&quot;jet_parallax_layout_list&quot;:[]}\">\n\t\t\t\t\t\t<div class=\"elementor-container elementor-column-gap-default\">\n\t\t\t\t\t<div class=\"elementor-column elementor-col-100 elementor-top-column elementor-element elementor-element-fee6b81\" data-id=\"fee6b81\" data-element_type=\"column\">\n\t\t\t<div class=\"elementor-widget-wrap elementor-element-populated\">\n\t\t\t\t\t\t<div class=\"elementor-element elementor-element-fa13dc1 elementor-widget elementor-widget-text-editor\" data-id=\"fa13dc1\" data-element_type=\"widget\" data-widget_type=\"text-editor.default\">\n\t\t\t\t<div class=\"elementor-widget-container\">\n\t\t\t\t\t\t\t<p>You can find us on Drie\u0148ov\u00e1 Street in Bratislava, a short walk from \u0160trkoveck\u00fd jezero, almost in the heart of Ru\u017einov. You can reach us by public transport, but also by car, for which we offer a parking lot with a capacity of up to 80 parking spaces. Close to our premises there is an exit to the Bratislava bypass and also to the D1 motorway in both directions from Bratislava &#8211; to \u017dilina and Brno.<\/p>\n\t\t\t\t\t\t<\/div>\n\t\t\t\t<\/div>\n\t\t\t\t\t<\/div>\n\t\t<\/div>\n\t\t\t\t\t<\/div>\n\t\t<\/section>\n\t\t\t\t<\/div>\n\t\t","protected":false},"excerpt":{"rendered":"<p>You can find us on Drie\u0148ov\u00e1 Street in Bratislava, a short walk from \u0160trkoveck\u00fd jezero, almost in the heart of Ru\u017einov. You can reach us by public transport, but also by car, for which we offer a parking lot with a capacity of up to 80 parking spaces. Close to our premises there is an [&hellip;]<\/p>\n","protected":false},"author":4,"featured_media":0,"parent":0,"menu_order":2,"comment_status":"closed","ping_status":"closed","template":"","meta":{"_seopress_robots_primary_cat":"","_seopress_titles_title":"How to reach us? | FitCamp","_seopress_titles_desc":"FitCamp is accessible by car, public transport, on foot or by bike or scooter.","_seopress_robots_index":"","footnotes":""},"class_list":["post-10988","page","type-page","status-publish","hentry"],"_links":{"self":[{"href":"https:\/\/fitcamp.sk\/en\/wp-json\/wp\/v2\/pages\/10988","targetHints":{"allow":["GET"]}}],"collection":[{"href":"https:\/\/fitcamp.sk\/en\/wp-json\/wp\/v2\/pages"}],"about":[{"href":"https:\/\/fitcamp.sk\/en\/wp-json\/wp\/v2\/types\/page"}],"author":[{"embeddable":true,"href":"https:\/\/fitcamp.sk\/en\/wp-json\/wp\/v2\/users\/4"}],"replies":[{"embeddable":true,"href":"https:\/\/fitcamp.sk\/en\/wp-json\/wp\/v2\/comments?post=10988"}],"version-history":[{"count":0,"href":"https:\/\/fitcamp.sk\/en\/wp-json\/wp\/v2\/pages\/10988\/revisions"}],"wp:attachment":[{"href":"https:\/\/fitcamp.sk\/en\/wp-json\/wp\/v2\/media?parent=10988"}],"curies":[{"name":"wp","href":"https:\/\/api.w.org\/{rel}","templated":true}]}}