{"id":10991,"date":"2018-08-14T14:31:43","date_gmt":"2018-08-14T12:31:43","guid":{"rendered":"https:\/\/fitcamp.sk\/group-exercises\/"},"modified":"2024-07-15T10:36:21","modified_gmt":"2024-07-15T08:36:21","slug":"group-exercises","status":"publish","type":"page","link":"https:\/\/fitcamp.sk\/en\/group-exercises\/","title":{"rendered":"Group exercises"},"content":{"rendered":"\t\t<div data-elementor-type=\"wp-post\" data-elementor-id=\"10991\" class=\"elementor elementor-10991\" data-elementor-post-type=\"page\">\n\t\t\t\t\t\t<section class=\"elementor-section elementor-top-section elementor-element elementor-element-c45038f elementor-section-boxed elementor-section-height-default elementor-section-height-default\" data-id=\"c45038f\" data-element_type=\"section\" data-settings=\"{&quot;jet_parallax_layout_list&quot;:[]}\">\n\t\t\t\t\t\t<div class=\"elementor-container elementor-column-gap-default\">\n\t\t\t\t\t<div class=\"elementor-column elementor-col-100 elementor-top-column elementor-element elementor-element-c807182\" data-id=\"c807182\" data-element_type=\"column\">\n\t\t\t<div class=\"elementor-widget-wrap elementor-element-populated\">\n\t\t\t\t\t\t<div class=\"elementor-element elementor-element-1457295 elementor-widget elementor-widget-text-editor\" data-id=\"1457295\" data-element_type=\"widget\" data-widget_type=\"text-editor.default\">\n\t\t\t\t<div class=\"elementor-widget-container\">\n\t\t\t\t\t\t\t<p>In the FitCamp fitness centre in Ru\u017einov you will find a wide range of group exercises such as yoga, jumping, tabata or ThaiBox. Browse our options, there really is something for everyone.  <\/p>\n<p><a href=\"https:\/\/fitcamp.sk\/wp-content\/uploads\/2024\/01\/Rozvrh_012024.pdf\">Schedule of group exercises.  <\/a><\/p>\n\t\t\t\t\t\t<\/div>\n\t\t\t\t<\/div>\n\t\t\t\t<div class=\"elementor-element elementor-element-7db0bb3 elementor-widget elementor-widget-global elementor-global-7395 elementor-widget-html\" data-id=\"7db0bb3\" data-element_type=\"widget\" data-widget_type=\"html.default\">\n\t\t\t\t<div class=\"elementor-widget-container\">\n\t\t\t<!DOCTYPE html>\n<html lang=\"sk\">\n<head>\n<meta charset=\"UTF-8\">\n<title>Rezerv\u00e1cia Skupinov\u00fdch Cvi\u010den\u00ed<\/title>\n<style>\n  #rezervacia_skupinovych_cviceni {\n    background-color: #495570;\n    color: white;\n    padding: 10px 20px;\n    text-decoration: none;\n    font-size: 16px;\n    border-radius: 5px;\n    display: inline-block;\n    transition: background-color 0.3s; \/* Pridan\u00e1 anim\u00e1cia pre plynul\u00fd prechod *\/\n  }\n  #rezervacia_skupinovych_cviceni:hover {\n    background-color: #f7791d; \/* Farba pri hover *\/\n  }\n<\/style>\n<\/head>\n<body>\n\n<a id=\"rezervacia_skupinovych_cviceni\" href=\"https:\/\/fitcamp.sk\/rezervacie\/?service=skupinove-cvicenia\">Rezerv\u00e1cia skupinov\u00fdch cvi\u010den\u00ed<\/a>\n\n<\/body>\n<\/html>\n\t\t<\/div>\n\t\t\t\t<\/div>\n\t\t\t\t\t<\/div>\n\t\t<\/div>\n\t\t\t\t\t<\/div>\n\t\t<\/section>\n\t\t\t\t<\/div>\n\t\t","protected":false},"excerpt":{"rendered":"<p>In the FitCamp fitness centre in Ru\u017einov you will find a wide range of group exercises such as yoga, jumping, tabata or ThaiBox. Browse our options, there really is something for everyone. Schedule of group exercises. Rezerv\u00e1cia Skupinov\u00fdch Cvi\u010den\u00ed Rezerv\u00e1cia skupinov\u00fdch cvi\u010den\u00ed<\/p>\n","protected":false},"author":3,"featured_media":0,"parent":0,"menu_order":0,"comment_status":"closed","ping_status":"closed","template":"","meta":{"_seopress_robots_primary_cat":"","_seopress_titles_title":"Group Exercises | FitCamp","_seopress_titles_desc":"At FitCamp we offer a wide range of group exercises - from Yoga and Healthy Back, to Jumping and TABATA to Spinning. The choice is up to you.","_seopress_robots_index":"","footnotes":""},"class_list":["post-10991","page","type-page","status-publish","hentry"],"_links":{"self":[{"href":"https:\/\/fitcamp.sk\/en\/wp-json\/wp\/v2\/pages\/10991","targetHints":{"allow":["GET"]}}],"collection":[{"href":"https:\/\/fitcamp.sk\/en\/wp-json\/wp\/v2\/pages"}],"about":[{"href":"https:\/\/fitcamp.sk\/en\/wp-json\/wp\/v2\/types\/page"}],"author":[{"embeddable":true,"href":"https:\/\/fitcamp.sk\/en\/wp-json\/wp\/v2\/users\/3"}],"replies":[{"embeddable":true,"href":"https:\/\/fitcamp.sk\/en\/wp-json\/wp\/v2\/comments?post=10991"}],"version-history":[{"count":0,"href":"https:\/\/fitcamp.sk\/en\/wp-json\/wp\/v2\/pages\/10991\/revisions"}],"wp:attachment":[{"href":"https:\/\/fitcamp.sk\/en\/wp-json\/wp\/v2\/media?parent=10991"}],"curies":[{"name":"wp","href":"https:\/\/api.w.org\/{rel}","templated":true}]}}